{"id":78,"date":"2025-09-14T12:11:32","date_gmt":"2025-09-14T10:11:32","guid":{"rendered":"https:\/\/bmnekreativ.hu\/?page_id=78"},"modified":"2025-09-14T16:47:56","modified_gmt":"2025-09-14T14:47:56","slug":"a-v4-orszagok-nepmuveszetenek-ujjaelesztese","status":"publish","type":"page","link":"https:\/\/bmnekreativ.hu\/hu_hu\/","title":{"rendered":"A V4-orsz\u00e1gok n\u00e9pm\u0171v\u00e9szet\u00e9nek \u00fajj\u00e1\u00e9leszt\u00e9se"},"content":{"rendered":"\t\t<div data-elementor-type=\"wp-page\" data-elementor-id=\"78\" class=\"elementor elementor-78\" data-elementor-post-type=\"page\">\n\t\t\t\t\t\t<section class=\"elementor-section elementor-top-section elementor-element elementor-element-qgwn9yn elementor-section-boxed elementor-section-height-default elementor-section-height-default\" data-id=\"qgwn9yn\" data-element_type=\"section\" data-e-type=\"section\" data-settings=\"{&quot;background_background&quot;:&quot;classic&quot;,&quot;shape_divider_bottom&quot;:&quot;curve&quot;,&quot;shape_divider_bottom_negative&quot;:&quot;yes&quot;}\">\n\t\t\t\t\t\t\t<div class=\"elementor-background-overlay\"><\/div>\n\t\t\t\t\t\t<div class=\"elementor-shape elementor-shape-bottom\" aria-hidden=\"true\" data-negative=\"true\">\n\t\t\t<svg xmlns=\"http:\/\/www.w3.org\/2000\/svg\" viewBox=\"0 0 1000 100\" preserveAspectRatio=\"none\">\n\t<path class=\"elementor-shape-fill\" d=\"M500,97C126.7,96.3,0.8,19.8,0,0v100l1000,0V1C1000,19.4,873.3,97.8,500,97z\"\/>\n<\/svg>\t\t<\/div>\n\t\t\t\t\t<div class=\"elementor-container elementor-column-gap-default\">\n\t\t\t\t\t<div class=\"elementor-column elementor-col-100 elementor-top-column elementor-element elementor-element-c7f0df3 elementor-invisible\" data-id=\"c7f0df3\" data-element_type=\"column\" data-e-type=\"column\" data-settings=\"{&quot;animation&quot;:&quot;fadeInUp&quot;}\">\n\t\t\t<div class=\"elementor-widget-wrap elementor-element-populated\">\n\t\t\t\t\t\t<div class=\"elementor-element elementor-element-4e617ab elementor-widget elementor-widget-heading\" data-id=\"4e617ab\" data-element_type=\"widget\" data-e-type=\"widget\" data-widget_type=\"heading.default\">\n\t\t\t\t\t\t<div class=\"elementor-widget-container\">\n\t\t\t\t\t<h1 class=\"elementor-heading-title elementor-size-xl\">A V4-orsz\u00e1gok n\u00e9pm\u0171v\u00e9szet\u00e9nek \u00fajj\u00e1\u00e9leszt\u00e9se a kreat\u00edv ipar fejleszt\u00e9s\u00e9n kereszt\u00fcl\n<\/h1>\t\t\t\t<\/div>\n\t\t\t\t<\/div>\n\t\t\t\t<div class=\"elementor-element elementor-element-77f32ac elementor-widget elementor-widget-text-editor\" data-id=\"77f32ac\" data-element_type=\"widget\" data-e-type=\"widget\" data-widget_type=\"text-editor.default\">\n\t\t\t\t\t\t<div class=\"elementor-widget-container\">\n\t\t\t\t\t\t\t\t\t<p>Projekt azonos\u00edt\u00f3: 22520254<br \/>Megval\u00f3s\u00edt\u00e1si id\u0151szak: 2026.01.01.\u20132027.05.30.<br \/>Elnyert t\u00e1mogat\u00e1si \u00f6sszeg: 39.950 Euro<\/p>\t\t\t\t\t\t\t\t<\/div>\n\t\t\t\t<\/div>\n\t\t\t\t\t<\/div>\n\t\t<\/div>\n\t\t\t\t\t<\/div>\n\t\t<\/section>\n\t\t<div class=\"elementor-element elementor-element-6ad5fae e-flex e-con-boxed e-con e-parent\" data-id=\"6ad5fae\" data-element_type=\"container\" data-e-type=\"container\">\n\t\t\t\t\t<div class=\"e-con-inner\">\n\t\t\t\t<div class=\"elementor-element elementor-element-2299d8e elementor-widget elementor-widget-spacer\" data-id=\"2299d8e\" data-element_type=\"widget\" data-e-type=\"widget\" data-widget_type=\"spacer.default\">\n\t\t\t\t\t\t<div class=\"elementor-widget-container\">\n\t\t\t\t\t\t\t<div class=\"elementor-spacer\">\n\t\t\t<div class=\"elementor-spacer-inner\"><\/div>\n\t\t<\/div>\n\t\t\t\t\t\t<\/div>\n\t\t\t\t<\/div>\n\t\t\t\t<div class=\"elementor-element elementor-element-1059fb0 elementor-widget elementor-widget-heading\" data-id=\"1059fb0\" data-element_type=\"widget\" data-e-type=\"widget\" data-widget_type=\"heading.default\">\n\t\t\t\t\t\t<div class=\"elementor-widget-container\">\n\t\t\t\t\t<h2 class=\"elementor-heading-title elementor-size-default\">P\u00c1LY\u00c1Z\u00d3<\/h2>\t\t\t\t<\/div>\n\t\t\t\t<\/div>\n\t\t\t\t\t<\/div>\n\t\t\t\t<\/div>\n\t\t<div class=\"elementor-element elementor-element-a359c5c e-flex e-con-boxed e-con e-parent\" data-id=\"a359c5c\" data-element_type=\"container\" data-e-type=\"container\">\n\t\t\t\t\t<div class=\"e-con-inner\">\n\t\t\t\t<div class=\"elementor-element elementor-element-e1c300d elementor-widget elementor-widget-text-editor\" data-id=\"e1c300d\" data-element_type=\"widget\" data-e-type=\"widget\" data-widget_type=\"text-editor.default\">\n\t\t\t\t\t\t<div class=\"elementor-widget-container\">\n\t\t\t\t\t\t\t\t\t<p><strong>B\u00e9k\u00e9s Megyei N\u00e9pm\u0171v\u00e9szeti Egyes\u00fclet <\/strong><\/p><p>5600 B\u00e9k\u00e9scsaba Orosh\u00e1zi \u00fat 8. Magyarorsz\u00e1g<br \/>T\u00f6rv\u00e9nyes k\u00e9pvisel\u0151: P\u00e1l Mikl\u00f3sn\u00e9, eln\u00f6k<br \/>Projekt azonos\u00edt\u00f3: 22520254<br \/>Telefon: +36301250615<br \/>E-mail: <a href=\"mailto:info@bmne.hu\">info@bmne.hu<\/a><br \/><a href=\"https:\/\/www.bmne.hu\/\">https:\/\/www.bmne.hu\/<\/a><\/p>\t\t\t\t\t\t\t\t<\/div>\n\t\t\t\t<\/div>\n\t\t\t\t\t<\/div>\n\t\t\t\t<\/div>\n\t\t<div class=\"elementor-element elementor-element-af31bb5 e-flex e-con-boxed e-con e-parent\" data-id=\"af31bb5\" data-element_type=\"container\" data-e-type=\"container\">\n\t\t\t\t\t<div class=\"e-con-inner\">\n\t\t\t\t<div class=\"elementor-element elementor-element-9b2ed48 elementor-widget elementor-widget-spacer\" data-id=\"9b2ed48\" data-element_type=\"widget\" data-e-type=\"widget\" data-widget_type=\"spacer.default\">\n\t\t\t\t\t\t<div class=\"elementor-widget-container\">\n\t\t\t\t\t\t\t<div class=\"elementor-spacer\">\n\t\t\t<div class=\"elementor-spacer-inner\"><\/div>\n\t\t<\/div>\n\t\t\t\t\t\t<\/div>\n\t\t\t\t<\/div>\n\t\t\t\t<div class=\"elementor-element elementor-element-318d525 elementor-widget elementor-widget-heading\" data-id=\"318d525\" data-element_type=\"widget\" data-e-type=\"widget\" data-widget_type=\"heading.default\">\n\t\t\t\t\t\t<div class=\"elementor-widget-container\">\n\t\t\t\t\t<h2 class=\"elementor-heading-title elementor-size-default\">PROJEKT<\/h2>\t\t\t\t<\/div>\n\t\t\t\t<\/div>\n\t\t\t\t\t<\/div>\n\t\t\t\t<\/div>\n\t\t<div class=\"elementor-element elementor-element-189ae46 e-flex e-con-boxed e-con e-parent\" data-id=\"189ae46\" data-element_type=\"container\" data-e-type=\"container\">\n\t\t\t\t\t<div class=\"e-con-inner\">\n\t\t\t\t<div class=\"elementor-element elementor-element-c695901 elementor-widget elementor-widget-text-editor\" data-id=\"c695901\" data-element_type=\"widget\" data-e-type=\"widget\" data-widget_type=\"text-editor.default\">\n\t\t\t\t\t\t<div class=\"elementor-widget-container\">\n\t\t\t\t\t\t\t\t\t<h3>F\u00f3kuszter\u00fclet\/c\u00e9lkit\u0171z\u00e9s:<\/h3><p>Kult\u00fara \u00e9s k\u00f6z\u00f6s identit\u00e1s a k\u00f6z\u00f6s t\u00f6rt\u00e9nelmi \u00e9s kultur\u00e1lis \u00f6r\u00f6ks\u00e9g reflekt\u00e1l\u00e1sa k\u00f6z\u00f6s kutat\u00e1si \u00e9s tud\u00e1smegoszt\u00e1si tev\u00e9kenys\u00e9gek r\u00e9v\u00e9n.<\/p>\t\t\t\t\t\t\t\t<\/div>\n\t\t\t\t<\/div>\n\t\t\t\t\t<\/div>\n\t\t\t\t<\/div>\n\t\t<div class=\"elementor-element elementor-element-60b3561 e-flex e-con-boxed e-con e-parent\" data-id=\"60b3561\" data-element_type=\"container\" data-e-type=\"container\">\n\t\t\t\t\t<div class=\"e-con-inner\">\n\t\t\t\t<div class=\"elementor-element elementor-element-cf7a673 elementor-widget elementor-widget-text-editor\" data-id=\"cf7a673\" data-element_type=\"widget\" data-e-type=\"widget\" data-widget_type=\"text-editor.default\">\n\t\t\t\t\t\t<div class=\"elementor-widget-container\">\n\t\t\t\t\t\t\t\t\t<h3>A projekt r\u00f6vid le\u00edr\u00e1sa:<\/h3><p>A n\u00e9gy visegr\u00e1di orsz\u00e1g hagyom\u00e1nyos n\u00e9pviseleteire \u00e9p\u00edtve, azok \u00fajragondol\u00e1sa a kreat\u00edv ipar seg\u00edts\u00e9g\u00e9vel.<\/p><p>A projekt egy konferenci\u00e1t \u00e9s hozz\u00e1 kapcsol\u00f3d\u00f3 workshopot, h\u00e1rom alkalommal k\u00e9tnapos workshopot, egy online konferenci\u00e1t \u00e9s egy k\u00f6z\u00f6s virtu\u00e1lis kiadv\u00e1ny l\u00e9trehoz\u00e1s\u00e1t foglalja mag\u00e1ban.<\/p><p>A k\u00e9t napos egy\u00fcttl\u00e9tek lehet\u0151s\u00e9get biztos\u00edtanak az adott orsz\u00e1g n\u00e9pviselet\u00e9nek megismer\u00e9s\u00e9re, azokb\u00f3l tervez\u00e9si folyamatok elind\u00edt\u00e1sra, a tervez\u00e9si folyamat m\u00f3dszertan\u00e1nak kidolgoz\u00e1s\u00e1ra. Elk\u00e9sz\u00fcl a folyamat publik\u00e1lhat\u00f3 dokument\u00e1ci\u00f3ja, valamint az programsorozat sor\u00e1n k\u00e9sz\u00edtett tervek \u00e9s term\u00e9kek digit\u00e1lis bemutat\u00e1sa is megval\u00f3sul.<\/p>\t\t\t\t\t\t\t\t<\/div>\n\t\t\t\t<\/div>\n\t\t\t\t\t<\/div>\n\t\t\t\t<\/div>\n\t\t<div class=\"elementor-element elementor-element-6252f1d e-flex e-con-boxed e-con e-parent\" data-id=\"6252f1d\" data-element_type=\"container\" data-e-type=\"container\">\n\t\t\t\t\t<div class=\"e-con-inner\">\n\t\t\t\t<div class=\"elementor-element elementor-element-d13826c elementor-invisible elementor-widget elementor-widget-image\" data-id=\"d13826c\" data-element_type=\"widget\" data-e-type=\"widget\" data-settings=\"{&quot;_animation&quot;:&quot;fadeInUp&quot;}\" data-widget_type=\"image.default\">\n\t\t\t\t\t\t<div class=\"elementor-widget-container\">\n\t\t\t\t\t\t\t\t\t\t\t\t\t\t\t<img fetchpriority=\"high\" decoding=\"async\" width=\"1500\" height=\"787\" src=\"https:\/\/bmnekreativ.hu\/wp-content\/uploads\/2025\/09\/korosvolgyi_viselet.webp\" class=\"attachment-full size-full wp-image-307\" alt=\"Viselet-t\u00e1nc\" srcset=\"https:\/\/bmnekreativ.hu\/wp-content\/uploads\/2025\/09\/korosvolgyi_viselet.webp 1500w, https:\/\/bmnekreativ.hu\/wp-content\/uploads\/2025\/09\/korosvolgyi_viselet-1000x525.webp 1000w, https:\/\/bmnekreativ.hu\/wp-content\/uploads\/2025\/09\/korosvolgyi_viselet-768x403.webp 768w, https:\/\/bmnekreativ.hu\/wp-content\/uploads\/2025\/09\/korosvolgyi_viselet-18x9.webp 18w\" sizes=\"(max-width: 1500px) 100vw, 1500px\" \/>\t\t\t\t\t\t\t\t\t\t\t\t\t\t\t<\/div>\n\t\t\t\t<\/div>\n\t\t\t\t\t<\/div>\n\t\t\t\t<\/div>\n\t\t<div class=\"elementor-element elementor-element-25d1308 e-flex e-con-boxed e-con e-parent\" data-id=\"25d1308\" data-element_type=\"container\" data-e-type=\"container\">\n\t\t\t\t\t<div class=\"e-con-inner\">\n\t\t\t\t<div class=\"elementor-element elementor-element-da0110f elementor-widget elementor-widget-spacer\" data-id=\"da0110f\" data-element_type=\"widget\" data-e-type=\"widget\" data-widget_type=\"spacer.default\">\n\t\t\t\t\t\t<div class=\"elementor-widget-container\">\n\t\t\t\t\t\t\t<div class=\"elementor-spacer\">\n\t\t\t<div class=\"elementor-spacer-inner\"><\/div>\n\t\t<\/div>\n\t\t\t\t\t\t<\/div>\n\t\t\t\t<\/div>\n\t\t\t\t\t<\/div>\n\t\t\t\t<\/div>\n\t\t\t\t<\/div>\n\t\t","protected":false},"excerpt":{"rendered":"<p>A V4-orsz\u00e1gok n\u00e9pm\u0171v\u00e9szet\u00e9nek \u00fajj\u00e1\u00e9leszt\u00e9se a kreat\u00edv ipar fejleszt\u00e9s\u00e9n kereszt\u00fcl Projekt azonos\u00edt\u00f3: 22520254Megval\u00f3s\u00edt\u00e1si id\u0151szak: 2026.01.01.\u20132027.05.30.Elnyert t\u00e1mogat\u00e1si \u00f6sszeg: 39.950 Euro P\u00c1LY\u00c1Z\u00d3 B\u00e9k\u00e9s Megyei N\u00e9pm\u0171v\u00e9szeti Egyes\u00fclet 5600 B\u00e9k\u00e9scsaba Orosh\u00e1zi \u00fat 8. Magyarorsz\u00e1gT\u00f6rv\u00e9nyes k\u00e9pvisel\u0151: P\u00e1l Mikl\u00f3sn\u00e9, eln\u00f6kProjekt azonos\u00edt\u00f3: 22520254Telefon: +36301250615E-mail: info@bmne.huhttps:\/\/www.bmne.hu\/ PROJEKT F\u00f3kuszter\u00fclet\/c\u00e9lkit\u0171z\u00e9s: Kult\u00fara \u00e9s k\u00f6z\u00f6s identit\u00e1s a k\u00f6z\u00f6s t\u00f6rt\u00e9nelmi \u00e9s kultur\u00e1lis \u00f6r\u00f6ks\u00e9g reflekt\u00e1l\u00e1sa k\u00f6z\u00f6s kutat\u00e1si \u00e9s tud\u00e1smegoszt\u00e1si tev\u00e9kenys\u00e9gek [&hellip;]<\/p>\n","protected":false},"author":1,"featured_media":0,"parent":0,"menu_order":0,"comment_status":"closed","ping_status":"closed","template":"elementor_header_footer","meta":{"_seopress_robots_primary_cat":"","_seopress_titles_title":"","_seopress_titles_desc":"","_seopress_robots_index":"","footnotes":""},"class_list":["post-78","page","type-page","status-publish","hentry"],"_links":{"self":[{"href":"https:\/\/bmnekreativ.hu\/hu_hu\/wp-json\/wp\/v2\/pages\/78","targetHints":{"allow":["GET"]}}],"collection":[{"href":"https:\/\/bmnekreativ.hu\/hu_hu\/wp-json\/wp\/v2\/pages"}],"about":[{"href":"https:\/\/bmnekreativ.hu\/hu_hu\/wp-json\/wp\/v2\/types\/page"}],"author":[{"embeddable":true,"href":"https:\/\/bmnekreativ.hu\/hu_hu\/wp-json\/wp\/v2\/users\/1"}],"replies":[{"embeddable":true,"href":"https:\/\/bmnekreativ.hu\/hu_hu\/wp-json\/wp\/v2\/comments?post=78"}],"version-history":[{"count":76,"href":"https:\/\/bmnekreativ.hu\/hu_hu\/wp-json\/wp\/v2\/pages\/78\/revisions"}],"predecessor-version":[{"id":310,"href":"https:\/\/bmnekreativ.hu\/hu_hu\/wp-json\/wp\/v2\/pages\/78\/revisions\/310"}],"wp:attachment":[{"href":"https:\/\/bmnekreativ.hu\/hu_hu\/wp-json\/wp\/v2\/media?parent=78"}],"curies":[{"name":"wp","href":"https:\/\/api.w.org\/{rel}","templated":true}]}}