{"id":46,"date":"2025-09-14T11:37:20","date_gmt":"2025-09-14T09:37:20","guid":{"rendered":"https:\/\/bmnekreativ.hu\/?page_id=46"},"modified":"2026-04-17T17:54:46","modified_gmt":"2026-04-17T15:54:46","slug":"kimenetek","status":"publish","type":"page","link":"https:\/\/bmnekreativ.hu\/hu_hu\/kimenetek\/","title":{"rendered":"KIMENETEK"},"content":{"rendered":"\t\t<div data-elementor-type=\"wp-page\" data-elementor-id=\"46\" class=\"elementor elementor-46\" data-elementor-post-type=\"page\">\n\t\t\t\t<div class=\"elementor-element elementor-element-b8ec2f4 e-flex e-con-boxed e-con e-parent\" data-id=\"b8ec2f4\" data-element_type=\"container\" data-e-type=\"container\">\n\t\t\t\t\t<div class=\"e-con-inner\">\n\t\t\t\t<div class=\"elementor-element elementor-element-2029da1 elementor-widget elementor-widget-spacer\" data-id=\"2029da1\" data-element_type=\"widget\" data-e-type=\"widget\" data-widget_type=\"spacer.default\">\n\t\t\t\t\t\t<div class=\"elementor-widget-container\">\n\t\t\t\t\t\t\t<div class=\"elementor-spacer\">\n\t\t\t<div class=\"elementor-spacer-inner\"><\/div>\n\t\t<\/div>\n\t\t\t\t\t\t<\/div>\n\t\t\t\t<\/div>\n\t\t<div class=\"elementor-element elementor-element-116d1c9 e-con-full e-flex elementor-invisible e-con e-child\" data-id=\"116d1c9\" data-element_type=\"container\" data-e-type=\"container\" data-settings=\"{&quot;background_background&quot;:&quot;classic&quot;,&quot;animation&quot;:&quot;fadeInLeft&quot;}\">\n\t\t\t\t<div class=\"elementor-element elementor-element-0a5e635 elementor-widget elementor-widget-heading\" data-id=\"0a5e635\" data-element_type=\"widget\" data-e-type=\"widget\" data-widget_type=\"heading.default\">\n\t\t\t\t\t\t<div class=\"elementor-widget-container\">\n\t\t\t\t\t<h2 class=\"elementor-heading-title elementor-size-default\">1. XX. K\u00e1rp\u00e1t-medencei N\u00e9pi Textilek Fesztiv\u00e1lja (nyilv\u00e1nos rendezv\u00e9ny)<\/h2>\t\t\t\t<\/div>\n\t\t\t\t<\/div>\n\t\t\t\t<div class=\"elementor-element elementor-element-4ecb98a elementor-widget elementor-widget-heading\" data-id=\"4ecb98a\" data-element_type=\"widget\" data-e-type=\"widget\" data-widget_type=\"heading.default\">\n\t\t\t\t\t\t<div class=\"elementor-widget-container\">\n\t\t\t\t\t<h3 class=\"elementor-heading-title elementor-size-default\">2026.03.05.\u20132026.03.08. B\u00e9k\u00e9scsaba, Magyarorsz\u00e1g<\/h3>\t\t\t\t<\/div>\n\t\t\t\t<\/div>\n\t\t\t\t<div class=\"elementor-element elementor-element-955fd1a elementor-widget elementor-widget-text-editor\" data-id=\"955fd1a\" data-element_type=\"widget\" data-e-type=\"widget\" data-widget_type=\"text-editor.default\">\n\t\t\t\t\t\t<div class=\"elementor-widget-container\">\n\t\t\t\t\t\t\t\t\t<p>Ezen a k\u00e9t\u00e9vente megrendez\u00e9sre ker\u00fcl\u0151 konferenci\u00e1n \u2013 2026.03.06.\u20132026.03.08. \u2013 mind a n\u00e9gy partnerszervezet k\u00e9pviselteti mag\u00e1t, k\u00fcl\u00f6n\u00f6s tekintettel a viseletre \u00e9s a tud\u00e1s\u00e1tad\u00e1s m\u00f3dszereire.<\/p><p>Minden orsz\u00e1g r\u00e9sz\u00e9r\u0151l 1 f\u0151 el\u0151ad\u00f3k\u00e9nt vesz r\u00e9szt a konferenci\u00e1n, m\u00edg a vend\u00e9gorsz\u00e1gokb\u00f3l \u00e9rkez\u0151 tov\u00e1bbi 3-3 f\u0151, valamint 4-5 f\u0151 magyar r\u00e9sztvev\u0151 k\u00f6z\u00f6s m\u0171helymunk\u00e1ban dolgoznak a konferencia el\u0151tti napon. Ezt a m\u0171helyt egy elismert magyar divattervez\u0151 szakember, Moln\u00e1r Madar\u00e1sz Melinda vezeti. Egy kiv\u00e1lasztott magyar t\u00e1jegys\u00e9gb\u0151l el\u0151ad\u00e1st tart \u00e9s az\u00a0 k\u00f6zrem\u0171k\u00f6d\u00e9s\u00e9vel modern viseleti tervek k\u00e9sz\u00fclnek, amelyek a k\u00e9s\u0151bbi megval\u00f3s\u00edt\u00e1s alapj\u00e1ul szolg\u00e1lnak.<\/p>\t\t\t\t\t\t\t\t<\/div>\n\t\t\t\t<\/div>\n\t\t\t\t<\/div>\n\t\t\t\t<div class=\"elementor-element elementor-element-b232823 elementor-widget elementor-widget-spacer\" data-id=\"b232823\" data-element_type=\"widget\" data-e-type=\"widget\" data-widget_type=\"spacer.default\">\n\t\t\t\t\t\t<div class=\"elementor-widget-container\">\n\t\t\t\t\t\t\t<div class=\"elementor-spacer\">\n\t\t\t<div class=\"elementor-spacer-inner\"><\/div>\n\t\t<\/div>\n\t\t\t\t\t\t<\/div>\n\t\t\t\t<\/div>\n\t\t<div class=\"elementor-element elementor-element-9dc7668 e-con-full e-flex elementor-invisible e-con e-child\" data-id=\"9dc7668\" data-element_type=\"container\" data-e-type=\"container\" data-settings=\"{&quot;background_background&quot;:&quot;classic&quot;,&quot;animation&quot;:&quot;fadeInRight&quot;}\">\n\t\t\t\t<div class=\"elementor-element elementor-element-121cb48 elementor-widget elementor-widget-heading\" data-id=\"121cb48\" data-element_type=\"widget\" data-e-type=\"widget\" data-widget_type=\"heading.default\">\n\t\t\t\t\t\t<div class=\"elementor-widget-container\">\n\t\t\t\t\t<h2 class=\"elementor-heading-title elementor-size-default\">2. M\u0171helyfoglalkoz\u00e1s Szlov\u00e1ki\u00e1ban, minden orsz\u00e1gb\u00f3l 3-3 f\u0151 r\u00e9sztvev\u0151vel, tov\u00e1bbi helyi szakemberek bevon\u00e1s\u00e1val<\/h2>\t\t\t\t<\/div>\n\t\t\t\t<\/div>\n\t\t\t\t<div class=\"elementor-element elementor-element-beb1c66 elementor-widget elementor-widget-heading\" data-id=\"beb1c66\" data-element_type=\"widget\" data-e-type=\"widget\" data-widget_type=\"heading.default\">\n\t\t\t\t\t\t<div class=\"elementor-widget-container\">\n\t\t\t\t\t<h3 class=\"elementor-heading-title elementor-size-default\">2026.06.04 - 2026.06.07 - Beszterceb\u00e1nya (Bansk\u00e1 Bystrica), Szlov\u00e1kia<\/h3>\t\t\t\t<\/div>\n\t\t\t\t<\/div>\n\t\t\t\t<div class=\"elementor-element elementor-element-65d8e99 elementor-widget elementor-widget-text-editor\" data-id=\"65d8e99\" data-element_type=\"widget\" data-e-type=\"widget\" data-widget_type=\"text-editor.default\">\n\t\t\t\t\t\t<div class=\"elementor-widget-container\">\n\t\t\t\t\t\t\t\t\t<p>A szlov\u00e1kiai n\u00e9pviselet megismer\u00e9se el\u0151ad\u00e1s form\u00e1j\u00e1ban. A kiv\u00e1lasztott r\u00e9gi viseleti darabokb\u00f3l 1-2 t\u00e1jegys\u00e9g inspir\u00e1ci\u00f3j\u00e1ra tervez\u00e9si gyakorlat.<\/p>\t\t\t\t\t\t\t\t<\/div>\n\t\t\t\t<\/div>\n\t\t\t\t<\/div>\n\t\t\t\t<div class=\"elementor-element elementor-element-93bc7d5 elementor-widget elementor-widget-spacer\" data-id=\"93bc7d5\" data-element_type=\"widget\" data-e-type=\"widget\" data-widget_type=\"spacer.default\">\n\t\t\t\t\t\t<div class=\"elementor-widget-container\">\n\t\t\t\t\t\t\t<div class=\"elementor-spacer\">\n\t\t\t<div class=\"elementor-spacer-inner\"><\/div>\n\t\t<\/div>\n\t\t\t\t\t\t<\/div>\n\t\t\t\t<\/div>\n\t\t<div class=\"elementor-element elementor-element-6db9c05 e-con-full e-flex elementor-invisible e-con e-child\" data-id=\"6db9c05\" data-element_type=\"container\" data-e-type=\"container\" data-settings=\"{&quot;background_background&quot;:&quot;classic&quot;,&quot;animation&quot;:&quot;fadeInLeft&quot;}\">\n\t\t\t\t<div class=\"elementor-element elementor-element-08f65c5 elementor-widget elementor-widget-heading\" data-id=\"08f65c5\" data-element_type=\"widget\" data-e-type=\"widget\" data-widget_type=\"heading.default\">\n\t\t\t\t\t\t<div class=\"elementor-widget-container\">\n\t\t\t\t\t<h2 class=\"elementor-heading-title elementor-size-default\">3. M\u0171helyfoglalkoz\u00e1s Csehorsz\u00e1gban, minden orsz\u00e1gb\u00f3l 3-3 f\u0151 r\u00e9sztvev\u0151vel, tov\u00e1bbi helyi szakemberek bevon\u00e1s\u00e1val<\/h2>\t\t\t\t<\/div>\n\t\t\t\t<\/div>\n\t\t\t\t<div class=\"elementor-element elementor-element-a446b4f elementor-widget elementor-widget-heading\" data-id=\"a446b4f\" data-element_type=\"widget\" data-e-type=\"widget\" data-widget_type=\"heading.default\">\n\t\t\t\t\t\t<div class=\"elementor-widget-container\">\n\t\t\t\t\t<h3 class=\"elementor-heading-title elementor-size-default\">2026.09.18 - 2026.09.21 - Str\u00e1\u017enice, Csehorsz\u00e1g<\/h3>\t\t\t\t<\/div>\n\t\t\t\t<\/div>\n\t\t\t\t<div class=\"elementor-element elementor-element-c4f5dbf elementor-widget elementor-widget-text-editor\" data-id=\"c4f5dbf\" data-element_type=\"widget\" data-e-type=\"widget\" data-widget_type=\"text-editor.default\">\n\t\t\t\t\t\t<div class=\"elementor-widget-container\">\n\t\t\t\t\t\t\t\t\t<p>A cseh n\u00e9pviselet tanulm\u00e1nyoz\u00e1sa el\u0151ad\u00e1s form\u00e1j\u00e1ban, majd tervez\u00e9s az ottani hagyom\u00e1nyok alapj\u00e1n. A kiv\u00e1lasztott r\u00e9gi viseleti darabokb\u00f3l 1-2 t\u00e1jegys\u00e9g inspir\u00e1ci\u00f3j\u00e1ra tervez\u00e9si gyakorlat.<\/p>\t\t\t\t\t\t\t\t<\/div>\n\t\t\t\t<\/div>\n\t\t\t\t<\/div>\n\t\t\t\t<div class=\"elementor-element elementor-element-6452db4 elementor-widget elementor-widget-spacer\" data-id=\"6452db4\" data-element_type=\"widget\" data-e-type=\"widget\" data-widget_type=\"spacer.default\">\n\t\t\t\t\t\t<div class=\"elementor-widget-container\">\n\t\t\t\t\t\t\t<div class=\"elementor-spacer\">\n\t\t\t<div class=\"elementor-spacer-inner\"><\/div>\n\t\t<\/div>\n\t\t\t\t\t\t<\/div>\n\t\t\t\t<\/div>\n\t\t<div class=\"elementor-element elementor-element-98bbe4a e-con-full e-flex elementor-invisible e-con e-child\" data-id=\"98bbe4a\" data-element_type=\"container\" data-e-type=\"container\" data-settings=\"{&quot;background_background&quot;:&quot;classic&quot;,&quot;animation&quot;:&quot;fadeInRight&quot;}\">\n\t\t\t\t<div class=\"elementor-element elementor-element-d0db8a7 elementor-widget elementor-widget-heading\" data-id=\"d0db8a7\" data-element_type=\"widget\" data-e-type=\"widget\" data-widget_type=\"heading.default\">\n\t\t\t\t\t\t<div class=\"elementor-widget-container\">\n\t\t\t\t\t<h2 class=\"elementor-heading-title elementor-size-default\">4. M\u0171helyfoglalkoz\u00e1s Lengyelorsz\u00e1gban, minden orsz\u00e1gb\u00f3l 3-3 f\u0151 r\u00e9sztvev\u0151vel, tov\u00e1bbi helyi szakemberek bevon\u00e1s\u00e1val<\/h2>\t\t\t\t<\/div>\n\t\t\t\t<\/div>\n\t\t\t\t<div class=\"elementor-element elementor-element-93774fb elementor-widget elementor-widget-heading\" data-id=\"93774fb\" data-element_type=\"widget\" data-e-type=\"widget\" data-widget_type=\"heading.default\">\n\t\t\t\t\t\t<div class=\"elementor-widget-container\">\n\t\t\t\t\t<h3 class=\"elementor-heading-title elementor-size-default\">2026.11.20 - 2026.11.23 - Zakopane, Lengyelorsz\u00e1g<\/h3>\t\t\t\t<\/div>\n\t\t\t\t<\/div>\n\t\t\t\t<div class=\"elementor-element elementor-element-f7bdb96 elementor-widget elementor-widget-text-editor\" data-id=\"f7bdb96\" data-element_type=\"widget\" data-e-type=\"widget\" data-widget_type=\"text-editor.default\">\n\t\t\t\t\t\t<div class=\"elementor-widget-container\">\n\t\t\t\t\t\t\t\t\t<p>A lengyel n\u00e9pviselet tanulm\u00e1nyoz\u00e1sa el\u0151ad\u00e1s form\u00e1j\u00e1ban, majd tervez\u00e9s az ottani hagyom\u00e1nyok alapj\u00e1n. A kiv\u00e1lasztott r\u00e9gi viseleti darabokb\u00f3l 1-2 t\u00e1jegys\u00e9g inspir\u00e1ci\u00f3j\u00e1ra tervez\u00e9si gyakorlat.<\/p>\t\t\t\t\t\t\t\t<\/div>\n\t\t\t\t<\/div>\n\t\t\t\t<\/div>\n\t\t\t\t<div class=\"elementor-element elementor-element-15e34da elementor-widget elementor-widget-spacer\" data-id=\"15e34da\" data-element_type=\"widget\" data-e-type=\"widget\" data-widget_type=\"spacer.default\">\n\t\t\t\t\t\t<div class=\"elementor-widget-container\">\n\t\t\t\t\t\t\t<div class=\"elementor-spacer\">\n\t\t\t<div class=\"elementor-spacer-inner\"><\/div>\n\t\t<\/div>\n\t\t\t\t\t\t<\/div>\n\t\t\t\t<\/div>\n\t\t<div class=\"elementor-element elementor-element-6faa43b e-con-full e-flex elementor-invisible e-con e-child\" data-id=\"6faa43b\" data-element_type=\"container\" data-e-type=\"container\" data-settings=\"{&quot;background_background&quot;:&quot;classic&quot;,&quot;animation&quot;:&quot;fadeInLeft&quot;}\">\n\t\t\t\t<div class=\"elementor-element elementor-element-93f942f elementor-widget elementor-widget-heading\" data-id=\"93f942f\" data-element_type=\"widget\" data-e-type=\"widget\" data-widget_type=\"heading.default\">\n\t\t\t\t\t\t<div class=\"elementor-widget-container\">\n\t\t\t\t\t<h2 class=\"elementor-heading-title elementor-size-default\">5. Online workshop \u2013 az elk\u00e9sz\u00fclt tervek egyeztet\u00e9se, tapasztalatcsere<\/h2>\t\t\t\t<\/div>\n\t\t\t\t<\/div>\n\t\t\t\t<div class=\"elementor-element elementor-element-06247bf elementor-widget elementor-widget-heading\" data-id=\"06247bf\" data-element_type=\"widget\" data-e-type=\"widget\" data-widget_type=\"heading.default\">\n\t\t\t\t\t\t<div class=\"elementor-widget-container\">\n\t\t\t\t\t<h3 class=\"elementor-heading-title elementor-size-default\">2027. janu\u00e1r, online<\/h3>\t\t\t\t<\/div>\n\t\t\t\t<\/div>\n\t\t\t\t<div class=\"elementor-element elementor-element-14076b0 elementor-widget elementor-widget-text-editor\" data-id=\"14076b0\" data-element_type=\"widget\" data-e-type=\"widget\" data-widget_type=\"text-editor.default\">\n\t\t\t\t\t\t<div class=\"elementor-widget-container\">\n\t\t\t\t\t\t\t\t\t<p>A projekt z\u00e1r\u00e1sak\u00e9nt egy online workshopra ker\u00fcl sor, amelyen a r\u00e9sztvev\u0151k \u00f6sszefoglalj\u00e1k a workshopok \u00e9s a konferencia sor\u00e1n szerzett tapasztalatokat.<\/p><p>Az orsz\u00e1gok bemutatj\u00e1k a l\u00e1togat\u00e1sok alatt k\u00e9sz\u00fclt \u00e9s ut\u00e1na \u00e1ltaluk r\u00e9szletesebben kidolgozott terveket \u00e9s egyeztetik, hogy az orsz\u00e1gonk\u00e9nti \u00a03-3 \u2013 \u00f6sszesen 12 \u2013 darab viselet mely tervek alapj\u00e1n k\u00e9sz\u00fclj\u00f6n el.<\/p>\t\t\t\t\t\t\t\t<\/div>\n\t\t\t\t<\/div>\n\t\t\t\t<\/div>\n\t\t\t\t<div class=\"elementor-element elementor-element-913be41 elementor-widget elementor-widget-spacer\" data-id=\"913be41\" data-element_type=\"widget\" data-e-type=\"widget\" data-widget_type=\"spacer.default\">\n\t\t\t\t\t\t<div class=\"elementor-widget-container\">\n\t\t\t\t\t\t\t<div class=\"elementor-spacer\">\n\t\t\t<div class=\"elementor-spacer-inner\"><\/div>\n\t\t<\/div>\n\t\t\t\t\t\t<\/div>\n\t\t\t\t<\/div>\n\t\t<div class=\"elementor-element elementor-element-bfd1437 e-con-full e-flex elementor-invisible e-con e-child\" data-id=\"bfd1437\" data-element_type=\"container\" data-e-type=\"container\" data-settings=\"{&quot;background_background&quot;:&quot;classic&quot;,&quot;animation&quot;:&quot;fadeInRight&quot;}\">\n\t\t\t\t<div class=\"elementor-element elementor-element-3add1de elementor-widget elementor-widget-heading\" data-id=\"3add1de\" data-element_type=\"widget\" data-e-type=\"widget\" data-widget_type=\"heading.default\">\n\t\t\t\t\t\t<div class=\"elementor-widget-container\">\n\t\t\t\t\t<h2 class=\"elementor-heading-title elementor-size-default\">6. digit\u00e1lis kiadv\u00e1ny \u00e9s virtu\u00e1lis gal\u00e9ria - virtu\u00e1lis k\u00f6z\u00f6s v\u00e9gleges publik\u00e1ci\u00f3<\/h2>\t\t\t\t<\/div>\n\t\t\t\t<\/div>\n\t\t\t\t<div class=\"elementor-element elementor-element-a9ecba5 elementor-widget elementor-widget-heading\" data-id=\"a9ecba5\" data-element_type=\"widget\" data-e-type=\"widget\" data-widget_type=\"heading.default\">\n\t\t\t\t\t\t<div class=\"elementor-widget-container\">\n\t\t\t\t\t<h3 class=\"elementor-heading-title elementor-size-default\">2027. \u00e1prilis<\/h3>\t\t\t\t<\/div>\n\t\t\t\t<\/div>\n\t\t\t\t<div class=\"elementor-element elementor-element-716c49c elementor-widget elementor-widget-text-editor\" data-id=\"716c49c\" data-element_type=\"widget\" data-e-type=\"widget\" data-widget_type=\"text-editor.default\">\n\t\t\t\t\t\t<div class=\"elementor-widget-container\">\n\t\t\t\t\t\t\t\t\t<p>Egy k\u00f6z\u00f6s digit\u00e1lis kiadv\u00e1ny k\u00e9sz\u00fcl angol nyelven, amely bemutatja a projekt eredm\u00e9nyek\u00e9nt elk\u00e9sz\u00fclt viseleteket, az inspir\u00e1ci\u00f3ul szolg\u00e1l\u00f3 eredeti n\u00e9pviseleti darabokat, kort\u00e1rs viseletelemeket, a m\u0171helymunk\u00e1k alatt kidolgozott tervrajzokat. A kiadv\u00e1ny mag\u00e1ban foglalja a tervez\u00e9si folyamat m\u00f3dszertan\u00e1nak kidolgoz\u00e1s\u00e1t, a folyamatos szakmai konzult\u00e1ci\u00f3k dokument\u00e1ci\u00f3j\u00e1t, a legjobb gyakorlatokat, valamint egy k\u00f6z\u00f6s virtu\u00e1lis gal\u00e9ria is kialak\u00edt\u00e1sra ker\u00fcl.<\/p>\t\t\t\t\t\t\t\t<\/div>\n\t\t\t\t<\/div>\n\t\t\t\t<\/div>\n\t\t\t\t\t<\/div>\n\t\t\t\t<\/div>\n\t\t<div class=\"elementor-element elementor-element-4a22012 e-flex e-con-boxed e-con e-parent\" data-id=\"4a22012\" data-element_type=\"container\" data-e-type=\"container\">\n\t\t\t\t\t<div class=\"e-con-inner\">\n\t\t\t\t<div class=\"elementor-element elementor-element-c93165b elementor-widget elementor-widget-spacer\" data-id=\"c93165b\" data-element_type=\"widget\" data-e-type=\"widget\" data-widget_type=\"spacer.default\">\n\t\t\t\t\t\t<div class=\"elementor-widget-container\">\n\t\t\t\t\t\t\t<div class=\"elementor-spacer\">\n\t\t\t<div class=\"elementor-spacer-inner\"><\/div>\n\t\t<\/div>\n\t\t\t\t\t\t<\/div>\n\t\t\t\t<\/div>\n\t\t\t\t\t<\/div>\n\t\t\t\t<\/div>\n\t\t\t\t<\/div>\n\t\t","protected":false},"excerpt":{"rendered":"<p>1. XX. K\u00e1rp\u00e1t-medencei N\u00e9pi Textilek Fesztiv\u00e1lja (nyilv\u00e1nos rendezv\u00e9ny) &#8211; 2026.03.05.\u20132026.03.08. B\u00e9k\u00e9scsaba, Magyarorsz\u00e1g<\/p>\n","protected":false},"author":1,"featured_media":312,"parent":0,"menu_order":0,"comment_status":"closed","ping_status":"closed","template":"","meta":{"_seopress_robots_primary_cat":"","_seopress_titles_title":"","_seopress_titles_desc":"","_seopress_robots_index":"","footnotes":""},"class_list":["post-46","page","type-page","status-publish","has-post-thumbnail","hentry"],"_links":{"self":[{"href":"https:\/\/bmnekreativ.hu\/hu_hu\/wp-json\/wp\/v2\/pages\/46","targetHints":{"allow":["GET"]}}],"collection":[{"href":"https:\/\/bmnekreativ.hu\/hu_hu\/wp-json\/wp\/v2\/pages"}],"about":[{"href":"https:\/\/bmnekreativ.hu\/hu_hu\/wp-json\/wp\/v2\/types\/page"}],"author":[{"embeddable":true,"href":"https:\/\/bmnekreativ.hu\/hu_hu\/wp-json\/wp\/v2\/users\/1"}],"replies":[{"embeddable":true,"href":"https:\/\/bmnekreativ.hu\/hu_hu\/wp-json\/wp\/v2\/comments?post=46"}],"version-history":[{"count":64,"href":"https:\/\/bmnekreativ.hu\/hu_hu\/wp-json\/wp\/v2\/pages\/46\/revisions"}],"predecessor-version":[{"id":550,"href":"https:\/\/bmnekreativ.hu\/hu_hu\/wp-json\/wp\/v2\/pages\/46\/revisions\/550"}],"wp:featuredmedia":[{"embeddable":true,"href":"https:\/\/bmnekreativ.hu\/hu_hu\/wp-json\/wp\/v2\/media\/312"}],"wp:attachment":[{"href":"https:\/\/bmnekreativ.hu\/hu_hu\/wp-json\/wp\/v2\/media?parent=46"}],"curies":[{"name":"wp","href":"https:\/\/api.w.org\/{rel}","templated":true}]}}