{"id":53,"date":"2025-09-14T11:45:57","date_gmt":"2025-09-14T09:45:57","guid":{"rendered":"https:\/\/bmnekreativ.hu\/?page_id=53"},"modified":"2025-12-03T10:24:51","modified_gmt":"2025-12-03T09:24:51","slug":"projekt-partnerek","status":"publish","type":"page","link":"https:\/\/bmnekreativ.hu\/en\/projekt-partnerek\/","title":{"rendered":"PROJECT PARTNERS"},"content":{"rendered":"<div data-elementor-type=\"wp-page\" data-elementor-id=\"53\" class=\"elementor elementor-53\" data-elementor-post-type=\"page\">\n\t\t\t\t<div class=\"elementor-element elementor-element-51e4175 e-flex e-con-boxed e-con e-parent\" data-id=\"51e4175\" data-element_type=\"container\" data-e-type=\"container\">\n\t\t\t\t\t<div class=\"e-con-inner\">\n\t\t\t\t<div class=\"elementor-element elementor-element-0aa2f5f elementor-widget elementor-widget-spacer\" data-id=\"0aa2f5f\" data-element_type=\"widget\" data-e-type=\"widget\" data-widget_type=\"spacer.default\">\n\t\t\t\t\t\t<div class=\"elementor-widget-container\">\n\t\t\t\t\t\t\t<div class=\"elementor-spacer\">\n\t\t\t<div class=\"elementor-spacer-inner\"><\/div>\n\t\t<\/div>\n\t\t\t\t\t\t<\/div>\n\t\t\t\t<\/div>\n\t\t\t\t<div class=\"elementor-element elementor-element-48b7082 elementor-widget elementor-widget-heading\" data-id=\"48b7082\" data-element_type=\"widget\" data-e-type=\"widget\" data-widget_type=\"heading.default\">\n\t\t\t\t\t\t<div class=\"elementor-widget-container\">\n\t\t\t\t\t<h2 class=\"elementor-heading-title elementor-size-default\">APPLICANT<\/h2>\t\t\t\t<\/div>\n\t\t\t\t<\/div>\n\t\t\t\t\t<\/div>\n\t\t\t\t<\/div>\n\t\t<div class=\"elementor-element elementor-element-fe9f471 e-flex e-con-boxed e-con e-parent\" data-id=\"fe9f471\" data-element_type=\"container\" data-e-type=\"container\">\n\t\t\t\t\t<div class=\"e-con-inner\">\n\t\t\t\t<div class=\"elementor-element elementor-element-39b058b elementor-widget elementor-widget-spacer\" data-id=\"39b058b\" data-element_type=\"widget\" data-e-type=\"widget\" data-widget_type=\"spacer.default\">\n\t\t\t\t\t\t<div class=\"elementor-widget-container\">\n\t\t\t\t\t\t\t<div class=\"elementor-spacer\">\n\t\t\t<div class=\"elementor-spacer-inner\"><\/div>\n\t\t<\/div>\n\t\t\t\t\t\t<\/div>\n\t\t\t\t<\/div>\n\t\t\t\t<div class=\"elementor-element elementor-element-678b2a7 elementor-widget elementor-widget-image\" data-id=\"678b2a7\" data-element_type=\"widget\" data-e-type=\"widget\" data-widget_type=\"image.default\">\n\t\t\t\t\t\t<div class=\"elementor-widget-container\">\n\t\t\t\t\t\t\t\t\t\t\t\t\t\t\t<img fetchpriority=\"high\" decoding=\"async\" width=\"400\" height=\"361\" src=\"https:\/\/bmnekreativ.hu\/wp-content\/uploads\/2025\/12\/bmne_logo.webp\" class=\"attachment-full size-full wp-image-334\" alt=\"BMNE log\u00f3\" srcset=\"https:\/\/bmnekreativ.hu\/wp-content\/uploads\/2025\/12\/bmne_logo.webp 400w, https:\/\/bmnekreativ.hu\/wp-content\/uploads\/2025\/12\/bmne_logo-13x12.webp 13w\" sizes=\"(max-width: 400px) 100vw, 400px\" \/>\t\t\t\t\t\t\t\t\t\t\t\t\t\t\t<\/div>\n\t\t\t\t<\/div>\n\t\t\t\t<div class=\"elementor-element elementor-element-6e90a02 elementor-widget elementor-widget-spacer\" data-id=\"6e90a02\" data-element_type=\"widget\" data-e-type=\"widget\" data-widget_type=\"spacer.default\">\n\t\t\t\t\t\t<div class=\"elementor-widget-container\">\n\t\t\t\t\t\t\t<div class=\"elementor-spacer\">\n\t\t\t<div class=\"elementor-spacer-inner\"><\/div>\n\t\t<\/div>\n\t\t\t\t\t\t<\/div>\n\t\t\t\t<\/div>\n\t\t\t\t<div class=\"elementor-element elementor-element-a215b36 elementor-widget elementor-widget-text-editor\" data-id=\"a215b36\" data-element_type=\"widget\" data-e-type=\"widget\" data-widget_type=\"text-editor.default\">\n\t\t\t\t\t\t<div class=\"elementor-widget-container\">\n\t\t\t\t\t\t\t\t\t<p><strong>B\u00e9k\u00e9s County Association of Folk Art <\/strong><\/p><p>5600 B\u00e9k\u00e9scsaba, Orosh\u00e1zi \u00fat 8., Hungary<br \/>Legal representative: Mrs. Mikl\u00f3sn\u00e9 P\u00e1l, President<br \/>Project ID: 22520254<br \/>Phone: +36 30 125 0615<br \/>E-mail: <a href=\"mailto:info@bmne.hu\">info@bmne.hu<\/a><br \/><a href=\"https:\/\/www.bmne.hu\/\">https:\/\/www.bmne.hu\/<\/a><\/p>\t\t\t\t\t\t\t\t<\/div>\n\t\t\t\t<\/div>\n\t\t\t\t\t<\/div>\n\t\t\t\t<\/div>\n\t\t<div class=\"elementor-element elementor-element-bb20e11 e-flex e-con-boxed e-con e-parent\" data-id=\"bb20e11\" data-element_type=\"container\" data-e-type=\"container\">\n\t\t\t\t\t<div class=\"e-con-inner\">\n\t\t\t\t<div class=\"elementor-element elementor-element-f3c8613 elementor-widget elementor-widget-spacer\" data-id=\"f3c8613\" data-element_type=\"widget\" data-e-type=\"widget\" data-widget_type=\"spacer.default\">\n\t\t\t\t\t\t<div class=\"elementor-widget-container\">\n\t\t\t\t\t\t\t<div class=\"elementor-spacer\">\n\t\t\t<div class=\"elementor-spacer-inner\"><\/div>\n\t\t<\/div>\n\t\t\t\t\t\t<\/div>\n\t\t\t\t<\/div>\n\t\t\t\t<div class=\"elementor-element elementor-element-f4c3f80 elementor-widget elementor-widget-text-editor\" data-id=\"f4c3f80\" data-element_type=\"widget\" data-e-type=\"widget\" data-widget_type=\"text-editor.default\">\n\t\t\t\t\t\t<div class=\"elementor-widget-container\">\n\t\t\t\t\t\t\t\t\t<p><strong>Partner 1<\/strong><\/p><p>Organization name (EN): National Institute of Folk Culture<\/p><p>Address: Z\u00e1mek 672, Str\u00e1\u017enice, 696 62, Czech Republic<\/p><p>Representative: PhDr. Martin \u0160im\u0161a, Ph.D., Director<\/p><p><a href=\"https:\/\/www.nulk.cz\/\" target=\"_blank\" rel=\"noopener\">https:\/\/www.nulk.cz\/<\/a><\/p>\t\t\t\t\t\t\t\t<\/div>\n\t\t\t\t<\/div>\n\t\t\t\t\t<\/div>\n\t\t\t\t<\/div>\n\t\t<div class=\"elementor-element elementor-element-0e4fc0f e-flex e-con-boxed e-con e-parent\" data-id=\"0e4fc0f\" data-element_type=\"container\" data-e-type=\"container\">\n\t\t\t\t\t<div class=\"e-con-inner\">\n\t\t\t\t<div class=\"elementor-element elementor-element-63e9aaf elementor-widget elementor-widget-text-editor\" data-id=\"63e9aaf\" data-element_type=\"widget\" data-e-type=\"widget\" data-widget_type=\"text-editor.default\">\n\t\t\t\t\t\t<div class=\"elementor-widget-container\">\n\t\t\t\t\t\t\t\t\t<p><strong>Partner 2<\/strong><\/p><p>Organization name (EN): Zakopane Culture Center<\/p><p>Address: ul. Chramc\u00f3wki 35, Zakopane, 34-500, Poland<\/p><p>Representative: Ma\u0142gorzata Wonuczka-Wnuk, Director<\/p><p><a href=\"https:\/\/www.zakopane.pl\/en\/tourist-area\/culture-and-art\/zakopianskie-centrum-kultury\" target=\"_blank\" rel=\"noopener\">https:\/\/www.zakopane.pl\/en\/tourist-area\/culture-and-art\/zakopianskie-centrum-kultury<\/a><\/p>\t\t\t\t\t\t\t\t<\/div>\n\t\t\t\t<\/div>\n\t\t\t\t\t<\/div>\n\t\t\t\t<\/div>\n\t\t<div class=\"elementor-element elementor-element-f6d6d93 e-flex e-con-boxed e-con e-parent\" data-id=\"f6d6d93\" data-element_type=\"container\" data-e-type=\"container\">\n\t\t\t\t\t<div class=\"e-con-inner\">\n\t\t\t\t<div class=\"elementor-element elementor-element-388842e elementor-widget elementor-widget-text-editor\" data-id=\"388842e\" data-element_type=\"widget\" data-e-type=\"widget\" data-widget_type=\"text-editor.default\">\n\t\t\t\t\t\t<div class=\"elementor-widget-container\">\n\t\t\t\t\t\t\t\t\t<p><strong>Partner 3<\/strong><\/p><p>Organization name (EN): The Center for Folk Art Production<\/p><p>Address: Obchodn\u00e1 64, Bratislava, 81611, Slovakia<\/p><p>Representative: Eva \u0160ev\u010d\u00edkov\u00e1, General Director<\/p><p><a href=\"https:\/\/uluv.sk\/en\/about-us\/bratislava\/\" target=\"_blank\" rel=\"noopener\">https:\/\/uluv.sk\/en\/about-us\/bratislava\/<\/a><\/p>\t\t\t\t\t\t\t\t<\/div>\n\t\t\t\t<\/div>\n\t\t\t\t\t<\/div>\n\t\t\t\t<\/div>\n\t\t<div class=\"elementor-element elementor-element-7406d9d e-flex e-con-boxed e-con e-parent\" data-id=\"7406d9d\" data-element_type=\"container\" data-e-type=\"container\">\n\t\t\t\t\t<div class=\"e-con-inner\">\n\t\t\t\t<div class=\"elementor-element elementor-element-d2e89b6 elementor-widget elementor-widget-spacer\" data-id=\"d2e89b6\" data-element_type=\"widget\" data-e-type=\"widget\" data-widget_type=\"spacer.default\">\n\t\t\t\t\t\t<div class=\"elementor-widget-container\">\n\t\t\t\t\t\t\t<div class=\"elementor-spacer\">\n\t\t\t<div class=\"elementor-spacer-inner\"><\/div>\n\t\t<\/div>\n\t\t\t\t\t\t<\/div>\n\t\t\t\t<\/div>\n\t\t\t\t\t<\/div>\n\t\t\t\t<\/div>\n\t\t\t\t<\/div>","protected":false},"excerpt":{"rendered":"<p>P\u00c1LY\u00c1Z\u00d3 B\u00e9k\u00e9s Megyei N\u00e9pm\u0171v\u00e9szeti Egyes\u00fclet 5600 B\u00e9k\u00e9scsaba Orosh\u00e1zi \u00fat 8. Magyarorsz\u00e1gT\u00f6rv\u00e9nyes k\u00e9pvisel\u0151: P\u00e1l Mikl\u00f3sn\u00e9, eln\u00f6kProjekt azonos\u00edt\u00f3: 22520254Telefon: +36301250615E-mail: info@bmne.huhttps:\/\/www.bmne.hu\/ 1. partner A szervezet neve angolul: National Institute of Folk Culture C\u00edm: Z\u00e1mek 672, Str\u00e1\u017enice, 696 62, Csehorsz\u00e1g K\u00e9pvisel\u0151: PhDr. Martin \u0160im\u0161a, Ph.D., igazgat\u00f3 https:\/\/www.nulk.cz\/ 2. partner A szervezet neve angolul: Zakopane Culture Center C\u00edm: ul. [&hellip;]<\/p>\n","protected":false},"author":1,"featured_media":311,"parent":0,"menu_order":0,"comment_status":"closed","ping_status":"closed","template":"","meta":{"_seopress_robots_primary_cat":"","_seopress_titles_title":"","_seopress_titles_desc":"","_seopress_robots_index":"","footnotes":""},"class_list":["post-53","page","type-page","status-publish","has-post-thumbnail","hentry"],"_links":{"self":[{"href":"https:\/\/bmnekreativ.hu\/en\/wp-json\/wp\/v2\/pages\/53","targetHints":{"allow":["GET"]}}],"collection":[{"href":"https:\/\/bmnekreativ.hu\/en\/wp-json\/wp\/v2\/pages"}],"about":[{"href":"https:\/\/bmnekreativ.hu\/en\/wp-json\/wp\/v2\/types\/page"}],"author":[{"embeddable":true,"href":"https:\/\/bmnekreativ.hu\/en\/wp-json\/wp\/v2\/users\/1"}],"replies":[{"embeddable":true,"href":"https:\/\/bmnekreativ.hu\/en\/wp-json\/wp\/v2\/comments?post=53"}],"version-history":[{"count":25,"href":"https:\/\/bmnekreativ.hu\/en\/wp-json\/wp\/v2\/pages\/53\/revisions"}],"predecessor-version":[{"id":340,"href":"https:\/\/bmnekreativ.hu\/en\/wp-json\/wp\/v2\/pages\/53\/revisions\/340"}],"wp:featuredmedia":[{"embeddable":true,"href":"https:\/\/bmnekreativ.hu\/en\/wp-json\/wp\/v2\/media\/311"}],"wp:attachment":[{"href":"https:\/\/bmnekreativ.hu\/en\/wp-json\/wp\/v2\/media?parent=53"}],"curies":[{"name":"wp","href":"https:\/\/api.w.org\/{rel}","templated":true}]}}